{"id":285,"date":"2020-08-17T16:14:31","date_gmt":"2020-08-17T16:14:31","guid":{"rendered":"https:\/\/demo.creativethemes.com\/blocksy\/business\/?page_id=285"},"modified":"2021-04-09T17:39:37","modified_gmt":"2021-04-09T17:39:37","slug":"contact","status":"publish","type":"page","link":"https:\/\/relationalmission.global\/sv\/contact\/","title":{"rendered":"Kontakt"},"content":{"rendered":"<div data-elementor-type=\"wp-page\" data-elementor-id=\"285\" class=\"elementor elementor-285\">\n\t\t\t\t\t\t<section class=\"elementor-section elementor-top-section elementor-element elementor-element-166eefda ct-section-stretched elementor-section-boxed elementor-section-height-default elementor-section-height-default\" data-id=\"166eefda\" data-element_type=\"section\" data-settings=\"{&quot;background_background&quot;:&quot;classic&quot;}\">\n\t\t\t\t\t\t\t<div class=\"elementor-background-overlay\"><\/div>\n\t\t\t\t\t\t\t<div class=\"elementor-container elementor-column-gap-default\">\n\t\t\t\t\t<div class=\"elementor-column elementor-col-50 elementor-top-column elementor-element elementor-element-314d1d\" data-id=\"314d1d\" data-element_type=\"column\">\n\t\t\t<div class=\"elementor-widget-wrap elementor-element-populated\">\n\t\t\t\t\t\t<div class=\"elementor-element elementor-element-77dba1c6 elementor-widget elementor-widget-text-editor\" data-id=\"77dba1c6\" data-element_type=\"widget\" data-widget_type=\"text-editor.default\">\n\t\t\t\t<div class=\"elementor-widget-container\">\n\t\t\t\t\t\t\t\t\t<p><strong>Vill du ansluta till relationellt uppdrag?<\/strong><\/p>\t\t\t\t\t\t\t\t<\/div>\n\t\t\t\t<\/div>\n\t\t\t\t<div class=\"elementor-element elementor-element-2de97390 elementor-widget elementor-widget-heading\" data-id=\"2de97390\" data-element_type=\"widget\" data-widget_type=\"heading.default\">\n\t\t\t\t<div class=\"elementor-widget-container\">\n\t\t\t\t\t<h2 class=\"elementor-heading-title elementor-size-default\">Vi vill g\u00e4rna h\u00f6ra fr\u00e5n dig!<\/h2>\t\t\t\t<\/div>\n\t\t\t\t<\/div>\n\t\t\t\t\t<\/div>\n\t\t<\/div>\n\t\t\t\t<div class=\"elementor-column elementor-col-50 elementor-top-column elementor-element elementor-element-514ff558 elementor-hidden-tablet elementor-hidden-phone\" data-id=\"514ff558\" data-element_type=\"column\">\n\t\t\t<div class=\"elementor-widget-wrap\">\n\t\t\t\t\t\t\t<\/div>\n\t\t<\/div>\n\t\t\t\t\t<\/div>\n\t\t<\/section>\n\t\t\t\t<section class=\"elementor-section elementor-top-section elementor-element elementor-element-664f0590 elementor-section-boxed elementor-section-height-default elementor-section-height-default\" data-id=\"664f0590\" data-element_type=\"section\">\n\t\t\t\t\t\t<div class=\"elementor-container elementor-column-gap-no\">\n\t\t\t\t\t<div class=\"elementor-column elementor-col-100 elementor-top-column elementor-element elementor-element-44ef6ac6\" data-id=\"44ef6ac6\" data-element_type=\"column\">\n\t\t\t<div class=\"elementor-widget-wrap elementor-element-populated\">\n\t\t\t\t\t\t<div class=\"elementor-element elementor-element-1645fa91 elementor-widget elementor-widget-spacer\" data-id=\"1645fa91\" data-element_type=\"widget\" data-widget_type=\"spacer.default\">\n\t\t\t\t<div class=\"elementor-widget-container\">\n\t\t\t\t\t\t\t<div class=\"elementor-spacer\">\n\t\t\t<div class=\"elementor-spacer-inner\"><\/div>\n\t\t<\/div>\n\t\t\t\t\t\t<\/div>\n\t\t\t\t<\/div>\n\t\t\t\t\t<\/div>\n\t\t<\/div>\n\t\t\t\t\t<\/div>\n\t\t<\/section>\n\t\t\t\t<section class=\"elementor-section elementor-top-section elementor-element elementor-element-4f86aa3f elementor-section-boxed elementor-section-height-default elementor-section-height-default\" data-id=\"4f86aa3f\" data-element_type=\"section\">\n\t\t\t\t\t\t<div class=\"elementor-container elementor-column-gap-default\">\n\t\t\t\t\t<div class=\"elementor-column elementor-col-100 elementor-top-column elementor-element elementor-element-2af544d7\" data-id=\"2af544d7\" data-element_type=\"column\">\n\t\t\t<div class=\"elementor-widget-wrap elementor-element-populated\">\n\t\t\t\t\t\t<div class=\"elementor-element elementor-element-7d258186 elementor-widget elementor-widget-heading\" data-id=\"7d258186\" data-element_type=\"widget\" data-widget_type=\"heading.default\">\n\t\t\t\t<div class=\"elementor-widget-container\">\n\t\t\t\t\t<h2 class=\"elementor-heading-title elementor-size-default\">Kontakta oss<\/h2>\t\t\t\t<\/div>\n\t\t\t\t<\/div>\n\t\t\t\t<div class=\"elementor-element elementor-element-398b5698 elementor-widget elementor-widget-text-editor\" data-id=\"398b5698\" data-element_type=\"widget\" data-widget_type=\"text-editor.default\">\n\t\t\t\t<div class=\"elementor-widget-container\">\n\t\t\t\t\t\t\t\t\t<p>L\u00e4mna ett meddelande till oss<\/p>\t\t\t\t\t\t\t\t<\/div>\n\t\t\t\t<\/div>\n\t\t\t\t\t<\/div>\n\t\t<\/div>\n\t\t\t\t\t<\/div>\n\t\t<\/section>\n\t\t\t\t<section class=\"elementor-section elementor-top-section elementor-element elementor-element-f4a38dd elementor-section-boxed elementor-section-height-default elementor-section-height-default\" data-id=\"f4a38dd\" data-element_type=\"section\">\n\t\t\t\t\t\t<div class=\"elementor-container elementor-column-gap-default\">\n\t\t\t\t\t<div class=\"elementor-column elementor-col-50 elementor-top-column elementor-element elementor-element-f6a132c\" data-id=\"f6a132c\" data-element_type=\"column\">\n\t\t\t<div class=\"elementor-widget-wrap elementor-element-populated\">\n\t\t\t\t\t\t<div class=\"elementor-element elementor-element-a29612b elementor-widget elementor-widget-image\" data-id=\"a29612b\" data-element_type=\"widget\" data-widget_type=\"image.default\">\n\t\t\t\t<div class=\"elementor-widget-container\">\n\t\t\t\t\t\t\t\t\t\t\t\t\t\t\t<img fetchpriority=\"high\" decoding=\"async\" width=\"1024\" height=\"683\" src=\"https:\/\/relationalmission.global\/wp-content\/uploads\/2021\/04\/Sent-2019-Day-3-009-1024x683.jpg\" class=\"attachment-large size-large wp-image-840\" alt=\"\" srcset=\"https:\/\/relationalmission.global\/wp-content\/uploads\/2021\/04\/Sent-2019-Day-3-009-1024x683.jpg 1024w, https:\/\/relationalmission.global\/wp-content\/uploads\/2021\/04\/Sent-2019-Day-3-009-300x200.jpg 300w, https:\/\/relationalmission.global\/wp-content\/uploads\/2021\/04\/Sent-2019-Day-3-009-768x512.jpg 768w, https:\/\/relationalmission.global\/wp-content\/uploads\/2021\/04\/Sent-2019-Day-3-009-1536x1024.jpg 1536w, https:\/\/relationalmission.global\/wp-content\/uploads\/2021\/04\/Sent-2019-Day-3-009-2048x1365.jpg 2048w\" sizes=\"(max-width: 1024px) 100vw, 1024px\" \/>\t\t\t\t\t\t\t\t\t\t\t\t\t\t\t<\/div>\n\t\t\t\t<\/div>\n\t\t\t\t\t<\/div>\n\t\t<\/div>\n\t\t\t\t<div class=\"elementor-column elementor-col-50 elementor-top-column elementor-element elementor-element-bc65e97\" data-id=\"bc65e97\" data-element_type=\"column\">\n\t\t\t<div class=\"elementor-widget-wrap elementor-element-populated\">\n\t\t\t\t\t\t<div class=\"elementor-element elementor-element-c8fdcdc elementor-widget elementor-widget-wpforms\" data-id=\"c8fdcdc\" data-element_type=\"widget\" data-widget_type=\"wpforms.default\">\n\t\t\t\t<div class=\"elementor-widget-container\">\n\t\t\t\t\t<div class=\"wpforms-container wpforms-container-full\" id=\"wpforms-306\"><form id=\"wpforms-form-306\" class=\"wpforms-validate wpforms-form\" data-formid=\"306\" method=\"post\" enctype=\"multipart\/form-data\" action=\"\/sv\/wp-json\/wp\/v2\/pages\/285\" data-token=\"0ad85da453560138908b405ee2d41abb\" data-token-time=\"1776672338\" data-trp-original-action=\"\/sv\/wp-json\/wp\/v2\/pages\/285\"><noscript class=\"wpforms-error-noscript\">Aktivera JavaScript i din webbl\u00e4sare f\u00f6r att fylla i formul\u00e4ret.<\/noscript><div class=\"wpforms-field-container\"><div id=\"wpforms-306-field_0-container\" class=\"wpforms-field wpforms-field-name\" data-field-id=\"0\"><label class=\"wpforms-field-label\" for=\"wpforms-306-field_0\">Fullst\u00e4ndiga namn <span class=\"wpforms-required-label\">*<\/span><\/label><input type=\"text\" id=\"wpforms-306-field_0\" class=\"wpforms-field-large wpforms-field-required\" name=\"wpforms[fields][0]\" required><\/div><div id=\"wpforms-306-field_1-container\" class=\"wpforms-field wpforms-field-email\" data-field-id=\"1\"><label class=\"wpforms-field-label\" for=\"wpforms-306-field_1\">E-postadress <span class=\"wpforms-required-label\">*<\/span><\/label><input type=\"email\" id=\"wpforms-306-field_1\" class=\"wpforms-field-large wpforms-field-required\" name=\"wpforms[fields][1]\" spellcheck=\"false\" required><\/div><div id=\"wpforms-306-field_3-container\" class=\"wpforms-field wpforms-field-text\" data-field-id=\"3\"><label class=\"wpforms-field-label\" for=\"wpforms-306-field_3\">\u00c4mne<\/label><input type=\"text\" id=\"wpforms-306-field_3\" class=\"wpforms-field-large\" name=\"wpforms[fields][3]\" ><\/div><div id=\"wpforms-306-field_2-container\" class=\"wpforms-field wpforms-field-textarea\" data-field-id=\"2\"><label class=\"wpforms-field-label\" for=\"wpforms-306-field_2\">Kommentera eller meddela <span class=\"wpforms-required-label\">*<\/span><\/label><textarea id=\"wpforms-306-field_2\" class=\"wpforms-field-large wpforms-field-required\" name=\"wpforms[fields][2]\" required><\/textarea><\/div><\/div><!-- .wpforms-field-container --><div class=\"wpforms-submit-container\" ><input type=\"hidden\" name=\"wpforms[id]\" value=\"306\"><input type=\"hidden\" name=\"page_title\" value=\"\"><input type=\"hidden\" name=\"page_url\" value=\"https:\/\/relationalmission.global\/sv\/wp-json\/wp\/v2\/pages\/285\"><input type=\"hidden\" name=\"url_referer\" value=\"\"><button type=\"submit\" name=\"wpforms[submit]\" id=\"wpforms-submit-306\" class=\"wpforms-submit\" data-alt-text=\"Sending...\" data-submit-text=\"Send Message\" aria-live=\"assertive\" value=\"wpforms-submit\">Skicka meddelande<\/button><\/div><input type=\"hidden\" name=\"trp-form-language\" value=\"sv\"\/><\/form><\/div>  <!-- .wpforms-container -->\t\t\t\t<\/div>\n\t\t\t\t<\/div>\n\t\t\t\t\t<\/div>\n\t\t<\/div>\n\t\t\t\t\t<\/div>\n\t\t<\/section>\n\t\t\t\t<section class=\"elementor-section elementor-top-section elementor-element elementor-element-4f75e409 elementor-section-boxed elementor-section-height-default elementor-section-height-default\" data-id=\"4f75e409\" data-element_type=\"section\">\n\t\t\t\t\t\t<div class=\"elementor-container elementor-column-gap-no\">\n\t\t\t\t\t<div class=\"elementor-column elementor-col-100 elementor-top-column elementor-element elementor-element-a42c723\" data-id=\"a42c723\" data-element_type=\"column\">\n\t\t\t<div class=\"elementor-widget-wrap elementor-element-populated\">\n\t\t\t\t\t\t<div class=\"elementor-element elementor-element-2be0335e elementor-widget elementor-widget-spacer\" data-id=\"2be0335e\" data-element_type=\"widget\" data-widget_type=\"spacer.default\">\n\t\t\t\t<div class=\"elementor-widget-container\">\n\t\t\t\t\t\t\t<div class=\"elementor-spacer\">\n\t\t\t<div class=\"elementor-spacer-inner\"><\/div>\n\t\t<\/div>\n\t\t\t\t\t\t<\/div>\n\t\t\t\t<\/div>\n\t\t\t\t\t<\/div>\n\t\t<\/div>\n\t\t\t\t\t<\/div>\n\t\t<\/section>\n\t\t\t\t<\/div>","protected":false},"excerpt":{"rendered":"<p>Vill du f\u00e5 kontakt med Relationsmission? Vi vill g\u00e4rna h\u00f6ra fr\u00e5n dig! Kontakta oss L\u00e4mna ett meddelande till oss<\/p>","protected":false},"author":1,"featured_media":0,"parent":0,"menu_order":0,"comment_status":"closed","ping_status":"closed","template":"","meta":{"_coblocks_attr":"","_coblocks_dimensions":"","_coblocks_responsive_height":"","_coblocks_accordion_ie_support":"","footnotes":""},"class_list":["post-285","page","type-page","status-publish","hentry"],"blocksy_meta":{"styles_descriptor":{"styles":{"desktop":"","tablet":"","mobile":""},"google_fonts":[],"version":6}},"yoast_head":"<!-- This site is optimized with the Yoast SEO plugin v25.8 - https:\/\/yoast.com\/wordpress\/plugins\/seo\/ -->\n<title>Contact - Relational Mission Global<\/title>\n<meta name=\"robots\" content=\"index, follow, max-snippet:-1, max-image-preview:large, max-video-preview:-1\" \/>\n<link rel=\"canonical\" href=\"https:\/\/relationalmission.global\/sv\/contact\/\" \/>\n<meta property=\"og:locale\" content=\"sv_SE\" \/>\n<meta property=\"og:type\" content=\"article\" \/>\n<meta property=\"og:title\" content=\"Contact - Relational Mission Global\" \/>\n<meta property=\"og:description\" content=\"Want to Connect with Relational Mission? We would love to hear from you! Contact Us Leave us a message\" \/>\n<meta property=\"og:url\" content=\"https:\/\/relationalmission.global\/sv\/contact\/\" \/>\n<meta property=\"og:site_name\" content=\"Relational Mission Global\" \/>\n<meta property=\"article:modified_time\" content=\"2021-04-09T17:39:37+00:00\" \/>\n<meta property=\"og:image\" content=\"https:\/\/relationalmission.global\/wp-content\/uploads\/2021\/04\/Sent-2019-Day-3-009-1024x683.jpg\" \/>\n<meta name=\"twitter:card\" content=\"summary_large_image\" \/>\n<meta name=\"twitter:label1\" content=\"Ber\u00e4knad l\u00e4stid\" \/>\n\t<meta name=\"twitter:data1\" content=\"1 minut\" \/>\n<script type=\"application\/ld+json\" class=\"yoast-schema-graph\">{\"@context\":\"https:\/\/schema.org\",\"@graph\":[{\"@type\":\"WebPage\",\"@id\":\"https:\/\/relationalmission.global\/contact\/\",\"url\":\"https:\/\/relationalmission.global\/contact\/\",\"name\":\"Contact - Relational Mission Global\",\"isPartOf\":{\"@id\":\"https:\/\/relationalmission.global\/#website\"},\"primaryImageOfPage\":{\"@id\":\"https:\/\/relationalmission.global\/contact\/#primaryimage\"},\"image\":{\"@id\":\"https:\/\/relationalmission.global\/contact\/#primaryimage\"},\"thumbnailUrl\":\"https:\/\/relationalmission.global\/wp-content\/uploads\/2021\/04\/Sent-2019-Day-3-009-1024x683.jpg\",\"datePublished\":\"2020-08-17T16:14:31+00:00\",\"dateModified\":\"2021-04-09T17:39:37+00:00\",\"breadcrumb\":{\"@id\":\"https:\/\/relationalmission.global\/contact\/#breadcrumb\"},\"inLanguage\":\"sv-SE\",\"potentialAction\":[{\"@type\":\"ReadAction\",\"target\":[\"https:\/\/relationalmission.global\/contact\/\"]}]},{\"@type\":\"ImageObject\",\"inLanguage\":\"sv-SE\",\"@id\":\"https:\/\/relationalmission.global\/contact\/#primaryimage\",\"url\":\"https:\/\/relationalmission.global\/wp-content\/uploads\/2021\/04\/Sent-2019-Day-3-009-1024x683.jpg\",\"contentUrl\":\"https:\/\/relationalmission.global\/wp-content\/uploads\/2021\/04\/Sent-2019-Day-3-009-1024x683.jpg\"},{\"@type\":\"BreadcrumbList\",\"@id\":\"https:\/\/relationalmission.global\/contact\/#breadcrumb\",\"itemListElement\":[{\"@type\":\"ListItem\",\"position\":1,\"name\":\"Home\",\"item\":\"https:\/\/relationalmission.global\/\"},{\"@type\":\"ListItem\",\"position\":2,\"name\":\"Contact\"}]},{\"@type\":\"WebSite\",\"@id\":\"https:\/\/relationalmission.global\/#website\",\"url\":\"https:\/\/relationalmission.global\/\",\"name\":\"Relational Mission Global\",\"description\":\"Together we preach Christ, and plant and strengthen churches to the ends of the earth\",\"publisher\":{\"@id\":\"https:\/\/relationalmission.global\/#organization\"},\"potentialAction\":[{\"@type\":\"SearchAction\",\"target\":{\"@type\":\"EntryPoint\",\"urlTemplate\":\"https:\/\/relationalmission.global\/?s={search_term_string}\"},\"query-input\":{\"@type\":\"PropertyValueSpecification\",\"valueRequired\":true,\"valueName\":\"search_term_string\"}}],\"inLanguage\":\"sv-SE\"},{\"@type\":\"Organization\",\"@id\":\"https:\/\/relationalmission.global\/#organization\",\"name\":\"Relational Mission Global\",\"url\":\"https:\/\/relationalmission.global\/\",\"logo\":{\"@type\":\"ImageObject\",\"inLanguage\":\"sv-SE\",\"@id\":\"https:\/\/relationalmission.global\/#\/schema\/logo\/image\/\",\"url\":\"https:\/\/relationalmission.global\/wp-content\/uploads\/2021\/03\/Black-RM-Logo.png\",\"contentUrl\":\"https:\/\/relationalmission.global\/wp-content\/uploads\/2021\/03\/Black-RM-Logo.png\",\"width\":3610,\"height\":1466,\"caption\":\"Relational Mission Global\"},\"image\":{\"@id\":\"https:\/\/relationalmission.global\/#\/schema\/logo\/image\/\"}}]}<\/script>\n<!-- \/ Yoast SEO plugin. -->","yoast_head_json":{"title":"Contact - Relational Mission Global","robots":{"index":"index","follow":"follow","max-snippet":"max-snippet:-1","max-image-preview":"max-image-preview:large","max-video-preview":"max-video-preview:-1"},"canonical":"https:\/\/relationalmission.global\/sv\/contact\/","og_locale":"sv_SE","og_type":"article","og_title":"Contact - Relational Mission Global","og_description":"Want to Connect with Relational Mission? We would love to hear from you! Contact Us Leave us a message","og_url":"https:\/\/relationalmission.global\/sv\/contact\/","og_site_name":"Relational Mission Global","article_modified_time":"2021-04-09T17:39:37+00:00","og_image":[{"url":"https:\/\/relationalmission.global\/wp-content\/uploads\/2021\/04\/Sent-2019-Day-3-009-1024x683.jpg","type":"","width":"","height":""}],"twitter_card":"summary_large_image","twitter_misc":{"Ber\u00e4knad l\u00e4stid":"1 minut"},"schema":{"@context":"https:\/\/schema.org","@graph":[{"@type":"WebPage","@id":"https:\/\/relationalmission.global\/contact\/","url":"https:\/\/relationalmission.global\/contact\/","name":"Contact - Relational Mission Global","isPartOf":{"@id":"https:\/\/relationalmission.global\/#website"},"primaryImageOfPage":{"@id":"https:\/\/relationalmission.global\/contact\/#primaryimage"},"image":{"@id":"https:\/\/relationalmission.global\/contact\/#primaryimage"},"thumbnailUrl":"https:\/\/relationalmission.global\/wp-content\/uploads\/2021\/04\/Sent-2019-Day-3-009-1024x683.jpg","datePublished":"2020-08-17T16:14:31+00:00","dateModified":"2021-04-09T17:39:37+00:00","breadcrumb":{"@id":"https:\/\/relationalmission.global\/contact\/#breadcrumb"},"inLanguage":"sv-SE","potentialAction":[{"@type":"ReadAction","target":["https:\/\/relationalmission.global\/contact\/"]}]},{"@type":"ImageObject","inLanguage":"sv-SE","@id":"https:\/\/relationalmission.global\/contact\/#primaryimage","url":"https:\/\/relationalmission.global\/wp-content\/uploads\/2021\/04\/Sent-2019-Day-3-009-1024x683.jpg","contentUrl":"https:\/\/relationalmission.global\/wp-content\/uploads\/2021\/04\/Sent-2019-Day-3-009-1024x683.jpg"},{"@type":"BreadcrumbList","@id":"https:\/\/relationalmission.global\/contact\/#breadcrumb","itemListElement":[{"@type":"ListItem","position":1,"name":"Home","item":"https:\/\/relationalmission.global\/"},{"@type":"ListItem","position":2,"name":"Contact"}]},{"@type":"WebSite","@id":"https:\/\/relationalmission.global\/#website","url":"https:\/\/relationalmission.global\/","name":"Relationellt uppdrag globalt","description":"Tillsammans predikar vi Kristus och planterar och st\u00e4rker f\u00f6rsamlingar till jordens \u00e4ndar","publisher":{"@id":"https:\/\/relationalmission.global\/#organization"},"potentialAction":[{"@type":"SearchAction","target":{"@type":"EntryPoint","urlTemplate":"https:\/\/relationalmission.global\/?s={search_term_string}"},"query-input":{"@type":"PropertyValueSpecification","valueRequired":true,"valueName":"search_term_string"}}],"inLanguage":"sv-SE"},{"@type":"Organization","@id":"https:\/\/relationalmission.global\/#organization","name":"Relationellt uppdrag globalt","url":"https:\/\/relationalmission.global\/","logo":{"@type":"ImageObject","inLanguage":"sv-SE","@id":"https:\/\/relationalmission.global\/#\/schema\/logo\/image\/","url":"https:\/\/relationalmission.global\/wp-content\/uploads\/2021\/03\/Black-RM-Logo.png","contentUrl":"https:\/\/relationalmission.global\/wp-content\/uploads\/2021\/03\/Black-RM-Logo.png","width":3610,"height":1466,"caption":"Relational Mission Global"},"image":{"@id":"https:\/\/relationalmission.global\/#\/schema\/logo\/image\/"}}]}},"_links":{"self":[{"href":"https:\/\/relationalmission.global\/sv\/wp-json\/wp\/v2\/pages\/285","targetHints":{"allow":["GET"]}}],"collection":[{"href":"https:\/\/relationalmission.global\/sv\/wp-json\/wp\/v2\/pages"}],"about":[{"href":"https:\/\/relationalmission.global\/sv\/wp-json\/wp\/v2\/types\/page"}],"author":[{"embeddable":true,"href":"https:\/\/relationalmission.global\/sv\/wp-json\/wp\/v2\/users\/1"}],"replies":[{"embeddable":true,"href":"https:\/\/relationalmission.global\/sv\/wp-json\/wp\/v2\/comments?post=285"}],"version-history":[{"count":4,"href":"https:\/\/relationalmission.global\/sv\/wp-json\/wp\/v2\/pages\/285\/revisions"}],"predecessor-version":[{"id":843,"href":"https:\/\/relationalmission.global\/sv\/wp-json\/wp\/v2\/pages\/285\/revisions\/843"}],"wp:attachment":[{"href":"https:\/\/relationalmission.global\/sv\/wp-json\/wp\/v2\/media?parent=285"}],"curies":[{"name":"wp","href":"https:\/\/api.w.org\/{rel}","templated":true}]}}